{"id":161,"date":"2016-10-25T15:19:54","date_gmt":"2016-10-25T15:19:54","guid":{"rendered":"http:\/\/lawyer2.mythemecloud.io\/?page_id=161"},"modified":"2016-10-25T15:19:54","modified_gmt":"2016-10-25T15:19:54","slug":"home","status":"publish","type":"page","link":"http:\/\/caballeroadv.com.br\/?page_id=161","title":{"rendered":"P\u00e1gina Inicial"},"content":{"rendered":"<p><img loading=\"lazy\" decoding=\"async\" width=\"150\" height=\"150\" src=\"http:\/\/www.caballeroadv.com.br\/wp-content\/uploads\/2019\/05\/Favicon-sem-fundo.png\" alt=\"\" \/>\t\t\t\t\t\t\t\t\t\t\t<\/p>\n<h2>Caballero Advogados Associados<\/h2>\n<h2>Assist\u00eancia jur\u00eddica no \u00e2mbito consultivo e contencioso<\/h2>\n<h3>\u00c1reas de Atua\u00e7\u00e3o<\/h3>\n<p>\t\t\t\t<a href=\"\/direito-civil\/\"><br \/>\n\t\t\t\t<\/a><\/p>\n<h3>\n\t\t\t\t\t<a href=\"\/direito-civil\/\">Direito Civil<\/a><br \/>\n\t\t\t\t<\/h3>\n<p>Elabora\u00e7\u00e3o de contratos em geral, negocia\u00e7\u00e3o de acordos, a\u00e7\u00f5es de&#8230;<\/p>\n<p>\t\t\t\t<a href=\"\/direito-previdenciario\/\"><br \/>\n\t\t\t\t<\/a><\/p>\n<h3>\n\t\t\t\t\t<a href=\"\/direito-previdenciario\/\">Previdenci\u00e1rio<\/a><br \/>\n\t\t\t\t<\/h3>\n<p>Aux\u00edlio em quest\u00f5es previdenci\u00e1rias queda do fator previdenci\u00e1rio,&#8230;<\/p>\n<p>\t\t\t\t<a href=\"\/mediacao-e-conciliacao\/\"><br \/>\n\t\t\t\t<\/a><\/p>\n<h3>\n\t\t\t\t\t<a href=\"\/mediacao-e-conciliacao\/\">Media\u00e7\u00e3o e Concilia\u00e7\u00e3o<\/a><br \/>\n\t\t\t\t<\/h3>\n<p>Media\u00e7\u00e3o e Concilia\u00e7\u00e3o s\u00e3o meios alternativos de solu\u00e7\u00e3o de conflitos,&#8230;<\/p>\n<p>\t\t\t\t<a href=\"\/direito-de-familia\/\"><br \/>\n\t\t\t\t<\/a><\/p>\n<h3>\n\t\t\t\t\t<a href=\"\/direito-de-familia\/\">Direito de Fam\u00edlia<\/a><br \/>\n\t\t\t\t<\/h3>\n<p>Atua\u00e7\u00e3o preventiva, administrativa e contenciosa em div\u00f3rcio&#8230;<\/p>\n<p>\t\t\t\t<a href=\"\/direito-trabalhista\/\"><br \/>\n\t\t\t\t<\/a><\/p>\n<h3>\n\t\t\t\t\t<a href=\"\/direito-trabalhista\/\">Direito Trabalhista<\/a><br \/>\n\t\t\t\t<\/h3>\n<p>Assessoria e consultoria jur\u00eddica no \u00e2mbito do Direito Trabalhista,&#8230;<\/p>\n<p>\t\t\t\t\t\t\t\t\t\t<img loading=\"lazy\" decoding=\"async\" width=\"460\" height=\"592\" src=\"http:\/\/www.caballeroadv.com.br\/wp-content\/uploads\/2019\/05\/img1.jpg\" alt=\"\" srcset=\"http:\/\/www.caballeroadv.com.br\/wp-content\/uploads\/2019\/05\/img1.jpg 460w, http:\/\/www.caballeroadv.com.br\/wp-content\/uploads\/2019\/05\/img1-233x300.jpg 233w\" sizes=\"auto, (max-width: 460px) 100vw, 460px\" \/>\t\t\t\t\t\t\t\t\t\t\t<\/p>\n<h2>O Escrit\u00f3rio<\/h2>\n<p>O Caballero Advogados Associados \u00e9 um escrit\u00f3rio de advocacia que prioriza por servi\u00e7os jur\u00eddicos de alta qualidade, defendendo o interesse de seus clientes. Foi fundado em 1983 pela Dra. Gioconda Maria Gl\u00f3ria Caballero da Rocha; sua primeira sede localizava-se na R. Maria Paula no centro de S\u00e3o Paulo &#8211; SP.<\/p>\n<p>Nossa equipe jur\u00eddica busca, al\u00e9m de solu\u00e7\u00f5es c\u00e9leres, a resolu\u00e7\u00e3o plena dos conflitos e desafios propostos. Atrav\u00e9s de nossa assessoria jur\u00eddica, \u00e9 buscada a pessoalidade no atendimento, bem como a aten\u00e7\u00e3o e cuidado em cada processo.<\/p>\n<p>A reputa\u00e7\u00e3o e o reconhecimento tornam-se uma verdadeira consequ\u00eancia dos resultados alcan\u00e7ados, decorr\u00eancia natural da intensidade do envolvimento nas causas de seus clientes, juntamente com a singularidade e dedica\u00e7\u00e3o empregadas em cada caso.<\/p>\n<p>\t\t\t<a href=\"http:\/\/www.caballeroadv.com.br\/o-escritorio\/\" role=\"button\"><br \/>\n\t\t\t\t\t\tSaiba Mais<br \/>\n\t\t\t\t\t<\/a><\/p>\n","protected":false},"excerpt":{"rendered":"<p>Caballero Advogados Associados Assist\u00eancia jur\u00eddica no \u00e2mbito consultivo e contencioso \u00c1reas de Atua\u00e7\u00e3o Direito Civil Elabora\u00e7\u00e3o de contratos em geral, negocia\u00e7\u00e3o de acordos, a\u00e7\u00f5es de&#8230; Previdenci\u00e1rio Aux\u00edlio em quest\u00f5es previdenci\u00e1rias queda do fator previdenci\u00e1rio,&#8230; Media\u00e7\u00e3o e Concilia\u00e7\u00e3o Media\u00e7\u00e3o e Concilia\u00e7\u00e3o s\u00e3o meios alternativos de solu\u00e7\u00e3o de conflitos,&#8230; Direito de Fam\u00edlia Atua\u00e7\u00e3o preventiva, administrativa e contenciosa [&hellip;]<\/p>\n","protected":false},"author":2,"featured_media":0,"parent":0,"menu_order":0,"comment_status":"closed","ping_status":"closed","template":"","meta":{"footnotes":""},"class_list":["post-161","page","type-page","status-publish","hentry"],"_links":{"self":[{"href":"http:\/\/caballeroadv.com.br\/index.php?rest_route=\/wp\/v2\/pages\/161","targetHints":{"allow":["GET"]}}],"collection":[{"href":"http:\/\/caballeroadv.com.br\/index.php?rest_route=\/wp\/v2\/pages"}],"about":[{"href":"http:\/\/caballeroadv.com.br\/index.php?rest_route=\/wp\/v2\/types\/page"}],"author":[{"embeddable":true,"href":"http:\/\/caballeroadv.com.br\/index.php?rest_route=\/wp\/v2\/users\/2"}],"replies":[{"embeddable":true,"href":"http:\/\/caballeroadv.com.br\/index.php?rest_route=%2Fwp%2Fv2%2Fcomments&post=161"}],"version-history":[{"count":0,"href":"http:\/\/caballeroadv.com.br\/index.php?rest_route=\/wp\/v2\/pages\/161\/revisions"}],"wp:attachment":[{"href":"http:\/\/caballeroadv.com.br\/index.php?rest_route=%2Fwp%2Fv2%2Fmedia&parent=161"}],"curies":[{"name":"wp","href":"https:\/\/api.w.org\/{rel}","templated":true}]}}