{"id":1408,"date":"2017-12-08T16:22:35","date_gmt":"2017-12-08T18:22:35","guid":{"rendered":"http:\/\/www.caballeroadv.com.br\/?page_id=1408"},"modified":"2017-12-08T16:22:35","modified_gmt":"2017-12-08T18:22:35","slug":"areas-de-atuacao","status":"publish","type":"page","link":"http:\/\/caballeroadv.com.br\/?page_id=1408","title":{"rendered":"\u00c1reas de Atua\u00e7\u00e3o"},"content":{"rendered":"<p>O escrit\u00f3rio <strong>Caballero Advogados<\/strong>, tem por objetivo assessorar no \u00e2mbito consultivo e contencioso tanto seus clientes, pessoas f\u00edsicas ou pessoas jur\u00eddicas, buscando sempre atuar com profissionalismo e dedica\u00e7\u00e3o aos seus clientes, nas seguintes \u00e1reas:<\/p>\n<p>\t\t\t\t\t\t\t\t\t\t<img loading=\"lazy\" decoding=\"async\" width=\"784\" height=\"484\" src=\"http:\/\/www.caballeroadv.com.br\/wp-content\/uploads\/2019\/10\/area-de-atuacao-direito-civil.jpg\" alt=\"\" srcset=\"http:\/\/www.caballeroadv.com.br\/wp-content\/uploads\/2019\/10\/area-de-atuacao-direito-civil.jpg 784w, http:\/\/www.caballeroadv.com.br\/wp-content\/uploads\/2019\/10\/area-de-atuacao-direito-civil-300x185.jpg 300w, http:\/\/www.caballeroadv.com.br\/wp-content\/uploads\/2019\/10\/area-de-atuacao-direito-civil-768x474.jpg 768w\" sizes=\"auto, (max-width: 784px) 100vw, 784px\" \/>\t\t\t\t\t\t\t\t\t\t\t<\/p>\n<h3>Direito Civil<\/h3>\n<p>Elabora\u00e7\u00e3o de contratos em geral, negocia\u00e7\u00e3o de acordos, a\u00e7\u00f5es de&#8230;<\/p>\n<p>\t\t\t<a href=\"\/direito-civil\/\" role=\"button\"><br \/>\n\t\t\t\t\t\tSaiba Mais<br \/>\n\t\t\t\t\t<\/a><br \/>\n\t\t\t\t\t\t\t\t\t\t<img loading=\"lazy\" decoding=\"async\" width=\"784\" height=\"484\" src=\"http:\/\/www.caballeroadv.com.br\/wp-content\/uploads\/2019\/10\/area-de-atuacao-direito-imobiliario.jpg\" alt=\"\" srcset=\"http:\/\/www.caballeroadv.com.br\/wp-content\/uploads\/2019\/10\/area-de-atuacao-direito-imobiliario.jpg 784w, http:\/\/www.caballeroadv.com.br\/wp-content\/uploads\/2019\/10\/area-de-atuacao-direito-imobiliario-300x185.jpg 300w, http:\/\/www.caballeroadv.com.br\/wp-content\/uploads\/2019\/10\/area-de-atuacao-direito-imobiliario-768x474.jpg 768w\" sizes=\"auto, (max-width: 784px) 100vw, 784px\" \/>\t\t\t\t\t\t\t\t\t\t\t<\/p>\n<h3>Direito De Fam\u00edlia<\/h3>\n<p>Atua\u00e7\u00e3o preventiva, administrativa e contenciosa em div\u00f3rcio&#8230;<\/p>\n<p>\t\t\t<a href=\"\/direito-de-familia\/\" role=\"button\"><br \/>\n\t\t\t\t\t\tSaiba Mais<br \/>\n\t\t\t\t\t<\/a><br \/>\n\t\t\t\t\t\t\t\t\t\t<img loading=\"lazy\" decoding=\"async\" width=\"784\" height=\"484\" src=\"http:\/\/www.caballeroadv.com.br\/wp-content\/uploads\/2019\/10\/area-de-atuacao-direito-tributario.jpg\" alt=\"\" srcset=\"http:\/\/www.caballeroadv.com.br\/wp-content\/uploads\/2019\/10\/area-de-atuacao-direito-tributario.jpg 784w, http:\/\/www.caballeroadv.com.br\/wp-content\/uploads\/2019\/10\/area-de-atuacao-direito-tributario-300x185.jpg 300w, http:\/\/www.caballeroadv.com.br\/wp-content\/uploads\/2019\/10\/area-de-atuacao-direito-tributario-768x474.jpg 768w\" sizes=\"auto, (max-width: 784px) 100vw, 784px\" \/>\t\t\t\t\t\t\t\t\t\t\t<\/p>\n<h3>Direito Previdenci\u00e1rio<\/h3>\n<p>Aux\u00edlio em quest\u00f5es previdenci\u00e1rias queda do fator previdenci\u00e1rio,&#8230;<\/p>\n<p>\t\t\t<a href=\"\/direito-previdenciario\/\" role=\"button\"><br \/>\n\t\t\t\t\t\tSaiba Mais<br \/>\n\t\t\t\t\t<\/a><br \/>\n\t\t\t\t\t\t\t\t\t\t<img loading=\"lazy\" decoding=\"async\" width=\"784\" height=\"484\" src=\"http:\/\/www.caballeroadv.com.br\/wp-content\/uploads\/2019\/10\/area-de-atuacao-direito-trabalhista.jpg\" alt=\"\" srcset=\"http:\/\/www.caballeroadv.com.br\/wp-content\/uploads\/2019\/10\/area-de-atuacao-direito-trabalhista.jpg 784w, http:\/\/www.caballeroadv.com.br\/wp-content\/uploads\/2019\/10\/area-de-atuacao-direito-trabalhista-300x185.jpg 300w, http:\/\/www.caballeroadv.com.br\/wp-content\/uploads\/2019\/10\/area-de-atuacao-direito-trabalhista-768x474.jpg 768w\" sizes=\"auto, (max-width: 784px) 100vw, 784px\" \/>\t\t\t\t\t\t\t\t\t\t\t<\/p>\n<h3>Direito Trabalhista<\/h3>\n<p>Assessoria e consultoria jur\u00eddica no \u00e2mbito do Direito Trabalhista,&#8230;<\/p>\n<p>\t\t\t<a href=\"\/direito-trabalhista\/\" role=\"button\"><br \/>\n\t\t\t\t\t\tSaiba Mais<br \/>\n\t\t\t\t\t<\/a><br \/>\n\t\t\t\t\t\t\t\t\t\t<img decoding=\"async\" src=\"http:\/\/www.caballeroadv.com.br\/wp-content\/uploads\/elementor\/thumbs\/img-mediacao-e-conciliacao-omd4uv0sov283ysnxw78gewyrt24rsbnkmoz6zkyjs.jpg\" title=\"img-mediacao-e-conciliacao\" alt=\"img-mediacao-e-conciliacao\" \/>\t\t\t\t\t\t\t\t\t\t\t<\/p>\n<h3>Media\u00e7\u00e3o e Concilia\u00e7\u00e3o<\/h3>\n<p>Media\u00e7\u00e3o e Concilia\u00e7\u00e3o s\u00e3o meios alternativos de solu\u00e7\u00e3o de conflitos,&#8230;<\/p>\n<p>\t\t\t<a href=\"\/mediacao-e-conciliacao\/\" role=\"button\"><br \/>\n\t\t\t\t\t\tSaiba Mais<br \/>\n\t\t\t\t\t<\/a><\/p>\n","protected":false},"excerpt":{"rendered":"<p>O escrit\u00f3rio Caballero Advogados, tem por objetivo assessorar no \u00e2mbito consultivo e contencioso tanto seus clientes, pessoas f\u00edsicas ou pessoas jur\u00eddicas, buscando sempre atuar com profissionalismo e dedica\u00e7\u00e3o aos seus clientes, nas seguintes \u00e1reas: Direito Civil Elabora\u00e7\u00e3o de contratos em geral, negocia\u00e7\u00e3o de acordos, a\u00e7\u00f5es de&#8230; Saiba Mais Direito De Fam\u00edlia Atua\u00e7\u00e3o preventiva, administrativa e [&hellip;]<\/p>\n","protected":false},"author":1,"featured_media":0,"parent":0,"menu_order":0,"comment_status":"closed","ping_status":"closed","template":"","meta":{"footnotes":""},"class_list":["post-1408","page","type-page","status-publish","hentry"],"_links":{"self":[{"href":"http:\/\/caballeroadv.com.br\/index.php?rest_route=\/wp\/v2\/pages\/1408","targetHints":{"allow":["GET"]}}],"collection":[{"href":"http:\/\/caballeroadv.com.br\/index.php?rest_route=\/wp\/v2\/pages"}],"about":[{"href":"http:\/\/caballeroadv.com.br\/index.php?rest_route=\/wp\/v2\/types\/page"}],"author":[{"embeddable":true,"href":"http:\/\/caballeroadv.com.br\/index.php?rest_route=\/wp\/v2\/users\/1"}],"replies":[{"embeddable":true,"href":"http:\/\/caballeroadv.com.br\/index.php?rest_route=%2Fwp%2Fv2%2Fcomments&post=1408"}],"version-history":[{"count":0,"href":"http:\/\/caballeroadv.com.br\/index.php?rest_route=\/wp\/v2\/pages\/1408\/revisions"}],"wp:attachment":[{"href":"http:\/\/caballeroadv.com.br\/index.php?rest_route=%2Fwp%2Fv2%2Fmedia&parent=1408"}],"curies":[{"name":"wp","href":"https:\/\/api.w.org\/{rel}","templated":true}]}}